{"id":13174,"date":"2025-07-31T19:07:33","date_gmt":"2025-07-31T19:07:33","guid":{"rendered":"https:\/\/mkb360.com\/?page_id=13174"},"modified":"2025-07-31T20:10:31","modified_gmt":"2025-07-31T20:10:31","slug":"segunda-prueba","status":"publish","type":"page","link":"https:\/\/mkb360.com\/es\/segunda-prueba\/","title":{"rendered":"segunda prueba"},"content":{"rendered":"<div data-elementor-type=\"wp-page\" data-elementor-id=\"13174\" class=\"elementor elementor-13174\">\n\t\t\t\t<div data-particle_enable=\"false\" data-particle-mobile-disabled=\"false\" class=\"elementor-element elementor-element-167cc22 e-con-full e-flex wpr-particle-no wpr-jarallax-no wpr-parallax-no wpr-sticky-section-no e-con e-parent\" data-id=\"167cc22\" data-element_type=\"container\">\n\t\t<div data-particle_enable=\"false\" data-particle-mobile-disabled=\"false\" class=\"elementor-element elementor-element-12a1bfc e-grid e-con-boxed wpr-particle-no wpr-jarallax-no wpr-parallax-no wpr-sticky-section-no e-con e-child\" data-id=\"12a1bfc\" data-element_type=\"container\">\n\t\t\t\t\t<div class=\"e-con-inner\">\n\t\t<div data-particle_enable=\"false\" data-particle-mobile-disabled=\"false\" class=\"elementor-element elementor-element-bb5b978 e-con-full e-flex wpr-particle-no wpr-jarallax-no wpr-parallax-no wpr-sticky-section-no e-con e-child\" data-id=\"bb5b978\" data-element_type=\"container\">\n\t\t\t\t<div class=\"elementor-element elementor-element-ae6d722 elementor-widget elementor-widget-heading\" data-id=\"ae6d722\" data-element_type=\"widget\" data-widget_type=\"heading.default\">\n\t\t\t\t<div class=\"elementor-widget-container\">\n\t\t\t\t\t<h3 class=\"elementor-heading-title elementor-size-default\">Identidad de Marca<\/h3>\t\t\t\t<\/div>\n\t\t\t\t<\/div>\n\t\t\t\t<div class=\"elementor-element elementor-element-a17b733 elementor-pagination-position-outside elementor-widget elementor-widget-image-carousel\" data-id=\"a17b733\" data-element_type=\"widget\" data-settings=\"{&quot;slides_to_show&quot;:&quot;1&quot;,&quot;navigation&quot;:&quot;dots&quot;,&quot;autoplay&quot;:&quot;yes&quot;,&quot;pause_on_hover&quot;:&quot;yes&quot;,&quot;pause_on_interaction&quot;:&quot;yes&quot;,&quot;autoplay_speed&quot;:5000,&quot;infinite&quot;:&quot;yes&quot;,&quot;effect&quot;:&quot;slide&quot;,&quot;speed&quot;:500}\" data-widget_type=\"image-carousel.default\">\n\t\t\t\t<div class=\"elementor-widget-container\">\n\t\t\t\t\t\t\t<div class=\"elementor-image-carousel-wrapper swiper\" role=\"region\" aria-roledescription=\"carousel\" aria-label=\"Carrusel de im\u00e1genes\" dir=\"ltr\">\n\t\t\t<div class=\"elementor-image-carousel swiper-wrapper\" aria-live=\"off\">\n\t\t\t\t\t\t\t\t<div class=\"swiper-slide\" role=\"group\" aria-roledescription=\"slide\" aria-label=\"1 of 8\"><a data-elementor-open-lightbox=\"yes\" data-elementor-lightbox-slideshow=\"a17b733\" data-e-action-hash=\"#elementor-action%3Aaction%3Dlightbox%26settings%3DeyJpZCI6ODA4NCwidXJsIjoiaHR0cHM6XC9cL21rYjM2MC5jb21cL3dwLWNvbnRlbnRcL3VwbG9hZHNcLzIwMjRcLzAzXC9mcmFua29fcG9zdGVyX25lZy5qcGciLCJzbGlkZXNob3ciOiJhMTdiNzMzIn0%3D\" href=\"https:\/\/mkb360.com\/wp-content\/uploads\/2024\/03\/franko_poster_neg.jpg\"><figure class=\"swiper-slide-inner\"><img decoding=\"async\" class=\"swiper-slide-image\" src=\"https:\/\/mkb360.com\/wp-content\/uploads\/2024\/03\/franko_poster_neg.jpg\" alt=\"franko_poster_neg\" \/><\/figure><\/a><\/div><div class=\"swiper-slide\" role=\"group\" aria-roledescription=\"slide\" aria-label=\"2 of 8\"><a data-elementor-open-lightbox=\"yes\" data-elementor-lightbox-slideshow=\"a17b733\" data-e-action-hash=\"#elementor-action%3Aaction%3Dlightbox%26settings%3DeyJpZCI6MTA5ODksInVybCI6Imh0dHBzOlwvXC9ta2IzNjAuY29tXC93cC1jb250ZW50XC91cGxvYWRzXC8yMDI0XC8wNlwvYnJhbmRfaWRlbnRpdHlfMDEtMS5wbmciLCJzbGlkZXNob3ciOiJhMTdiNzMzIn0%3D\" href=\"https:\/\/mkb360.com\/wp-content\/uploads\/2024\/06\/brand_identity_01-1.png\"><figure class=\"swiper-slide-inner\"><img decoding=\"async\" class=\"swiper-slide-image\" src=\"https:\/\/mkb360.com\/wp-content\/uploads\/2024\/06\/brand_identity_01-1.png\" alt=\"brand_identity_01\" \/><\/figure><\/a><\/div><div class=\"swiper-slide\" role=\"group\" aria-roledescription=\"slide\" aria-label=\"3 of 8\"><a data-elementor-open-lightbox=\"yes\" data-elementor-lightbox-slideshow=\"a17b733\" data-e-action-hash=\"#elementor-action%3Aaction%3Dlightbox%26settings%3DeyJpZCI6MTA5OTAsInVybCI6Imh0dHBzOlwvXC9ta2IzNjAuY29tXC93cC1jb250ZW50XC91cGxvYWRzXC8yMDI0XC8wNlwvYnJhbmRfaWRlbnRpdHlfMDIucG5nIiwic2xpZGVzaG93IjoiYTE3YjczMyJ9\" href=\"https:\/\/mkb360.com\/wp-content\/uploads\/2024\/06\/brand_identity_02.png\"><figure class=\"swiper-slide-inner\"><img decoding=\"async\" class=\"swiper-slide-image\" src=\"https:\/\/mkb360.com\/wp-content\/uploads\/2024\/06\/brand_identity_02.png\" alt=\"brand_identity_02\" \/><\/figure><\/a><\/div><div class=\"swiper-slide\" role=\"group\" aria-roledescription=\"slide\" aria-label=\"4 of 8\"><a data-elementor-open-lightbox=\"yes\" data-elementor-lightbox-slideshow=\"a17b733\" data-e-action-hash=\"#elementor-action%3Aaction%3Dlightbox%26settings%3DeyJpZCI6MTA5OTEsInVybCI6Imh0dHBzOlwvXC9ta2IzNjAuY29tXC93cC1jb250ZW50XC91cGxvYWRzXC8yMDI0XC8wNlwvYnJhbmRfaWRlbnRpdHlfMDMucG5nIiwic2xpZGVzaG93IjoiYTE3YjczMyJ9\" href=\"https:\/\/mkb360.com\/wp-content\/uploads\/2024\/06\/brand_identity_03.png\"><figure class=\"swiper-slide-inner\"><img decoding=\"async\" class=\"swiper-slide-image\" src=\"https:\/\/mkb360.com\/wp-content\/uploads\/2024\/06\/brand_identity_03.png\" alt=\"brand_identity_03\" \/><\/figure><\/a><\/div><div class=\"swiper-slide\" role=\"group\" aria-roledescription=\"slide\" aria-label=\"5 of 8\"><a data-elementor-open-lightbox=\"yes\" data-elementor-lightbox-slideshow=\"a17b733\" data-e-action-hash=\"#elementor-action%3Aaction%3Dlightbox%26settings%3DeyJpZCI6MTA5OTMsInVybCI6Imh0dHBzOlwvXC9ta2IzNjAuY29tXC93cC1jb250ZW50XC91cGxvYWRzXC8yMDI0XC8wNlwvYnJhbmRfaWRlbnRpdHlfMDQucG5nIiwic2xpZGVzaG93IjoiYTE3YjczMyJ9\" href=\"https:\/\/mkb360.com\/wp-content\/uploads\/2024\/06\/brand_identity_04.png\"><figure class=\"swiper-slide-inner\"><img decoding=\"async\" class=\"swiper-slide-image\" src=\"https:\/\/mkb360.com\/wp-content\/uploads\/2024\/06\/brand_identity_04.png\" alt=\"brand_identity_04\" \/><\/figure><\/a><\/div><div class=\"swiper-slide\" role=\"group\" aria-roledescription=\"slide\" aria-label=\"6 of 8\"><a data-elementor-open-lightbox=\"yes\" data-elementor-lightbox-slideshow=\"a17b733\" data-e-action-hash=\"#elementor-action%3Aaction%3Dlightbox%26settings%3DeyJpZCI6MTA5OTQsInVybCI6Imh0dHBzOlwvXC9ta2IzNjAuY29tXC93cC1jb250ZW50XC91cGxvYWRzXC8yMDI0XC8wNlwvYnJhbmRfaWRlbnRpdHlfMDUucG5nIiwic2xpZGVzaG93IjoiYTE3YjczMyJ9\" href=\"https:\/\/mkb360.com\/wp-content\/uploads\/2024\/06\/brand_identity_05.png\"><figure class=\"swiper-slide-inner\"><img decoding=\"async\" class=\"swiper-slide-image\" src=\"https:\/\/mkb360.com\/wp-content\/uploads\/2024\/06\/brand_identity_05.png\" alt=\"brand_identity_05\" \/><\/figure><\/a><\/div><div class=\"swiper-slide\" role=\"group\" aria-roledescription=\"slide\" aria-label=\"7 of 8\"><a data-elementor-open-lightbox=\"yes\" data-elementor-lightbox-slideshow=\"a17b733\" data-e-action-hash=\"#elementor-action%3Aaction%3Dlightbox%26settings%3DeyJpZCI6MTA5OTUsInVybCI6Imh0dHBzOlwvXC9ta2IzNjAuY29tXC93cC1jb250ZW50XC91cGxvYWRzXC8yMDI0XC8wNlwvYnJhbmRfaWRlbnRpdHlfMDYucG5nIiwic2xpZGVzaG93IjoiYTE3YjczMyJ9\" href=\"https:\/\/mkb360.com\/wp-content\/uploads\/2024\/06\/brand_identity_06.png\"><figure class=\"swiper-slide-inner\"><img decoding=\"async\" class=\"swiper-slide-image\" src=\"https:\/\/mkb360.com\/wp-content\/uploads\/2024\/06\/brand_identity_06.png\" alt=\"brand_identity_06\" \/><\/figure><\/a><\/div><div class=\"swiper-slide\" role=\"group\" aria-roledescription=\"slide\" aria-label=\"8 of 8\"><a data-elementor-open-lightbox=\"yes\" data-elementor-lightbox-slideshow=\"a17b733\" data-e-action-hash=\"#elementor-action%3Aaction%3Dlightbox%26settings%3DeyJpZCI6MTA5OTIsInVybCI6Imh0dHBzOlwvXC9ta2IzNjAuY29tXC93cC1jb250ZW50XC91cGxvYWRzXC8yMDI0XC8wNlwvYnJhbmRfaWRlbnRpdHlfMDcucG5nIiwic2xpZGVzaG93IjoiYTE3YjczMyJ9\" href=\"https:\/\/mkb360.com\/wp-content\/uploads\/2024\/06\/brand_identity_07.png\"><figure class=\"swiper-slide-inner\"><img decoding=\"async\" class=\"swiper-slide-image\" src=\"https:\/\/mkb360.com\/wp-content\/uploads\/2024\/06\/brand_identity_07.png\" alt=\"brand_identity_07\" \/><\/figure><\/a><\/div>\t\t\t<\/div>\n\t\t\t\t\t\t\t\n\t\t\t\t\t\t\t\t\t<div class=\"swiper-pagination\"><\/div>\n\t\t\t\t\t\t\t\t\t<\/div>\n\t\t\t\t\t\t<\/div>\n\t\t\t\t<\/div>\n\t\t\t\t<\/div>\n\t\t<div data-particle_enable=\"false\" data-particle-mobile-disabled=\"false\" class=\"elementor-element elementor-element-2599839 e-con-full e-flex wpr-particle-no wpr-jarallax-no wpr-parallax-no wpr-sticky-section-no e-con e-child\" data-id=\"2599839\" data-element_type=\"container\">\n\t\t\t\t<div class=\"elementor-element elementor-element-e04f010 desc elementor-widget elementor-widget-text-editor\" data-id=\"e04f010\" data-element_type=\"widget\" data-widget_type=\"text-editor.default\">\n\t\t\t\t<div class=\"elementor-widget-container\">\n\t\t\t\t\t\t\t\t\t<p><strong>Descripci\u00f3n del producto digital:<\/strong> Our <b>brand identity<\/b> package includes symbols that can be composed of words, images and colors used for the <b>visual identity creation<\/b>.<br \/><strong>Tiempo de entrega:<\/strong> Alrededor de 10 d\u00edas h\u00e1biles seg\u00fan la disponibilidad.<br \/><strong>Proceso de conformaci\u00f3n:<\/strong> Luego de realizar su pago, un especialista  de nuestro equipo se comunicar\u00e1 con usted para definir la idea a seguir.<br \/>Se realizar\u00e1n 4 propuestas de las cuales se escoger\u00e1 la que mejor se ajuste.<br \/>Se env\u00eda la primera versi\u00f3n de la propuesta final.<br \/>Luego de la aprobaci\u00f3n se le entregan los archivos y documentos correspondientes.<\/p>\t\t\t\t\t\t\t\t<\/div>\n\t\t\t\t<\/div>\n\t\t\t\t<\/div>\n\t\t<div data-particle_enable=\"false\" data-particle-mobile-disabled=\"false\" class=\"elementor-element elementor-element-5ebfe76 e-con-full e-flex wpr-particle-no wpr-jarallax-no wpr-parallax-no wpr-sticky-section-no e-con e-child\" data-id=\"5ebfe76\" data-element_type=\"container\">\n\t\t\t\t<div class=\"elementor-element elementor-element-463fb7f elementor-widget elementor-widget-heading\" data-id=\"463fb7f\" data-element_type=\"widget\" data-widget_type=\"heading.default\">\n\t\t\t\t<div class=\"elementor-widget-container\">\n\t\t\t\t\t<h5 class=\"elementor-heading-title elementor-size-default\">Beneficios del cliente<\/h5>\t\t\t\t<\/div>\n\t\t\t\t<\/div>\n\t\t\t\t<div class=\"elementor-element elementor-element-42a0b7a desc elementor-widget elementor-widget-text-editor\" data-id=\"42a0b7a\" data-element_type=\"widget\" data-widget_type=\"text-editor.default\">\n\t\t\t\t<div class=\"elementor-widget-container\">\n\t\t\t\t\t\t\t\t\t<ul><li>Conceptualizaci\u00f3n de marca.<\/li><li>Logo final y logo en negativo en las siguientes versiones:<ul><li>PNG<\/li><li>VECTOR<\/li><\/ul><\/li><li>Manual de Identidad<\/li><\/ul>\t\t\t\t\t\t\t\t<\/div>\n\t\t\t\t<\/div>\n\t\t\t\t<div class=\"elementor-element elementor-element-c1b5076 elementor-widget elementor-widget-shortcode\" data-id=\"c1b5076\" data-element_type=\"widget\" data-widget_type=\"shortcode.default\">\n\t\t\t\t<div class=\"elementor-widget-container\">\n\t\t\t\t\t\t\t<div class=\"elementor-shortcode\"><div class=\"woocommerce columns-1\"><ul class=\"products columns-1\">\n<li class=\"desktop-align-left tablet-align-left mobile-align-left product type-product post-8456 status-publish first onbackorder product_cat-visual-communication has-post-thumbnail taxable shipping-taxable purchasable product-type-simple\">\n\t<a href=\"https:\/\/mkb360.com\/es\/producto\/brand-identity\/\" class=\"woocommerce-LoopProduct-link woocommerce-loop-product__link\"><img fetchpriority=\"high\" decoding=\"async\" width=\"300\" height=\"300\" src=\"https:\/\/mkb360.com\/wp-content\/uploads\/2024\/03\/brand-identity-300x300.png\" class=\"attachment-woocommerce_thumbnail size-woocommerce_thumbnail\" alt=\"Brand Identity\" srcset=\"https:\/\/mkb360.com\/wp-content\/uploads\/2024\/03\/brand-identity-300x300.png 300w, https:\/\/mkb360.com\/wp-content\/uploads\/2024\/03\/brand-identity-150x150.png 150w, https:\/\/mkb360.com\/wp-content\/uploads\/2024\/03\/brand-identity-768x768.png 768w, https:\/\/mkb360.com\/wp-content\/uploads\/2024\/03\/brand-identity-12x12.png 12w, https:\/\/mkb360.com\/wp-content\/uploads\/2024\/03\/brand-identity-600x600.png 600w, https:\/\/mkb360.com\/wp-content\/uploads\/2024\/03\/brand-identity-100x100.png 100w, https:\/\/mkb360.com\/wp-content\/uploads\/2024\/03\/brand-identity-50x50.png 50w, https:\/\/mkb360.com\/wp-content\/uploads\/2024\/03\/brand-identity.png 1000w\" sizes=\"(max-width: 300px) 100vw, 300px\" \/><h2 class=\"woocommerce-loop-product__title\">Identidad de Marca<\/h2>\n\t<span class=\"price\"><span class=\"woocommerce-Price-amount amount\"><bdi><span class=\"woocommerce-Price-currencySymbol\">&#36;<\/span>495.00<\/bdi><\/span><\/span>\n<\/a><a href=\"\/es\/wp-json\/wp\/v2\/pages\/13174?add-to-cart=8456\" data-quantity=\"1\" class=\"ast-on-card-button ast-select-options-trigger product_type_simple add_to_cart_button ajax_add_to_cart\" data-product_id=\"8456\" data-product_sku=\"\" aria-label=\"A\u00f1adir al carrito: \u201cBrand Identity\u201d\" rel=\"nofollow\" data-no-translation-aria-label=\"\"> <span class=\"ast-card-action-tooltip\"> A\u00f1adir al carrito <\/span> <span class=\"ahfb-svg-iconset\"> <span class=\"ast-icon icon-bag\"><svg xmlns=\"http:\/\/www.w3.org\/2000\/svg\" xmlns:xlink=\"http:\/\/www.w3.org\/1999\/xlink\" version=\"1.1\" id=\"ast-bag-icon-svg\" x=\"0px\" y=\"0px\" width=\"100\" height=\"100\" viewbox=\"826 826 140 140\" enable-background=\"new 826 826 140 140\" xml:space=\"preserve\">\n\t\t\t\t<path d=\"M960.758,934.509l2.632,23.541c0.15,1.403-0.25,2.657-1.203,3.761c-0.953,1.053-2.156,1.579-3.61,1.579H833.424  c-1.454,0-2.657-0.526-3.61-1.579c-0.952-1.104-1.354-2.357-1.203-3.761l2.632-23.541H960.758z M953.763,871.405l6.468,58.29H831.77  l6.468-58.29c0.15-1.203,0.677-2.218,1.58-3.045c0.903-0.827,1.981-1.241,3.234-1.241h19.254v9.627c0,2.658,0.94,4.927,2.82,6.807  s4.149,2.82,6.807,2.82c2.658,0,4.926-0.94,6.807-2.82s2.821-4.149,2.821-6.807v-9.627h28.882v9.627  c0,2.658,0.939,4.927,2.819,6.807c1.881,1.88,4.149,2.82,6.807,2.82s4.927-0.94,6.808-2.82c1.879-1.88,2.82-4.149,2.82-6.807v-9.627  h19.253c1.255,0,2.332,0.414,3.235,1.241C953.086,869.187,953.612,870.202,953.763,871.405z M924.881,857.492v19.254  c0,1.304-0.476,2.432-1.429,3.385s-2.08,1.429-3.385,1.429c-1.303,0-2.432-0.477-3.384-1.429c-0.953-0.953-1.43-2.081-1.43-3.385  v-19.254c0-5.315-1.881-9.853-5.641-13.613c-3.76-3.761-8.298-5.641-13.613-5.641s-9.853,1.88-13.613,5.641  c-3.761,3.76-5.641,8.298-5.641,13.613v19.254c0,1.304-0.476,2.432-1.429,3.385c-0.953,0.953-2.081,1.429-3.385,1.429  c-1.303,0-2.432-0.477-3.384-1.429c-0.953-0.953-1.429-2.081-1.429-3.385v-19.254c0-7.973,2.821-14.779,8.461-20.42  c5.641-5.641,12.448-8.461,20.42-8.461c7.973,0,14.779,2.82,20.42,8.461C922.062,842.712,924.881,849.519,924.881,857.492z\" \/>\n\t\t\t\t<\/svg><\/span> <\/span> <\/a><a href=\"\/es\/wp-json\/wp\/v2\/pages\/13174?add-to-cart=8456\" aria-describedby=\"woocommerce_loop_add_to_cart_link_describedby_8456\" data-quantity=\"1\" class=\"button product_type_simple add_to_cart_button ajax_add_to_cart\" data-product_id=\"8456\" data-product_sku=\"\" aria-label=\"A\u00f1adir al carrito: \u201cBrand Identity\u201d\" rel=\"nofollow\" data-success_message=\"\u00abBrand Identity\u00bb se ha a\u00f1adido a tu carrito\" data-product_name=\"Brand Identity\" data-price=\"495.00\" role=\"button\" data-no-translation-aria-label=\"\" data-no-translation-data-success_message=\"\">A\u00f1adir al carrito<\/a>\t<span id=\"woocommerce_loop_add_to_cart_link_describedby_8456\" class=\"screen-reader-text\">\n\t\t\t<\/span>\n<a class=\"pisol_buy_now_button\" href=\"https:\/\/mkb360.com\/es\/checkout\/?pi_quick_checkout=1&#038;add-to-cart=8456\">Comprar Ahora<\/a><\/li>\n<\/ul>\n<\/div><\/div>\n\t\t\t\t\t\t<\/div>\n\t\t\t\t<\/div>\n\t\t\t\t<\/div>\n\t\t\t\t\t<\/div>\n\t\t\t\t<\/div>\n\t\t\t\t<\/div>\n\t\t\t\t<\/div>","protected":false},"excerpt":{"rendered":"<p>Brand Identity Digital product description: Our brand identity package includes symbols that can be composed of words, images and colors used for the visual identity creation.Delivery time: About 10 working days depending on availability.Formation process: After making your payment, a specialist from our team will contact you to define the idea to follow.We will make 4 proposals from which we will choose the one that best fits.The first version of the final proposal is sent to you.After approval, you will receive the corresponding files and documents. Client benefits Brand conceptualization. Final logo and negative logo in the following versions: PNG VECTOR Identity Manual.<\/p>","protected":false},"author":1,"featured_media":0,"parent":0,"menu_order":0,"comment_status":"closed","ping_status":"closed","template":"elementor_header_footer","meta":{"_crdt_document":"","content-type":"","om_disable_all_campaigns":false,"_monsterinsights_skip_tracking":false,"_monsterinsights_sitenote_active":false,"_monsterinsights_sitenote_note":"","_monsterinsights_sitenote_category":0,"_uf_show_specific_survey":0,"_uf_disable_surveys":false,"site-sidebar-layout":"no-sidebar","site-content-layout":"page-builder","ast-site-content-layout":"full-width-container","site-content-style":"default","site-sidebar-style":"default","ast-global-header-display":"","ast-banner-title-visibility":"","ast-main-header-display":"","ast-hfb-above-header-display":"","ast-hfb-below-header-display":"","ast-hfb-mobile-header-display":"","site-post-title":"disabled","ast-breadcrumbs-content":"","ast-featured-img":"disabled","footer-sml-layout":"","ast-disable-related-posts":"","theme-transparent-header-meta":"","adv-header-id-meta":"","stick-header-meta":"","header-above-stick-meta":"","header-main-stick-meta":"","header-below-stick-meta":"","astra-migrate-meta-layouts":"set","ast-page-background-enabled":"default","ast-page-background-meta":{"desktop":{"background-color":"var(--ast-global-color-4)","background-image":"","background-repeat":"repeat","background-position":"center center","background-size":"auto","background-attachment":"scroll","background-type":"","background-media":"","overlay-type":"","overlay-color":"","overlay-opacity":"","overlay-gradient":""},"tablet":{"background-color":"","background-image":"","background-repeat":"repeat","background-position":"center center","background-size":"auto","background-attachment":"scroll","background-type":"","background-media":"","overlay-type":"","overlay-color":"","overlay-opacity":"","overlay-gradient":""},"mobile":{"background-color":"","background-image":"","background-repeat":"repeat","background-position":"center center","background-size":"auto","background-attachment":"scroll","background-type":"","background-media":"","overlay-type":"","overlay-color":"","overlay-opacity":"","overlay-gradient":""}},"ast-content-background-meta":{"desktop":{"background-color":"var(--ast-global-color-5)","background-image":"","background-repeat":"repeat","background-position":"center center","background-size":"auto","background-attachment":"scroll","background-type":"","background-media":"","overlay-type":"","overlay-color":"","overlay-opacity":"","overlay-gradient":""},"tablet":{"background-color":"var(--ast-global-color-5)","background-image":"","background-repeat":"repeat","background-position":"center center","background-size":"auto","background-attachment":"scroll","background-type":"","background-media":"","overlay-type":"","overlay-color":"","overlay-opacity":"","overlay-gradient":""},"mobile":{"background-color":"var(--ast-global-color-5)","background-image":"","background-repeat":"repeat","background-position":"center center","background-size":"auto","background-attachment":"scroll","background-type":"","background-media":"","overlay-type":"","overlay-color":"","overlay-opacity":"","overlay-gradient":""}},"footnotes":""},"class_list":["post-13174","page","type-page","status-publish","hentry"],"_links":{"self":[{"href":"https:\/\/mkb360.com\/es\/wp-json\/wp\/v2\/pages\/13174","targetHints":{"allow":["GET"]}}],"collection":[{"href":"https:\/\/mkb360.com\/es\/wp-json\/wp\/v2\/pages"}],"about":[{"href":"https:\/\/mkb360.com\/es\/wp-json\/wp\/v2\/types\/page"}],"author":[{"embeddable":true,"href":"https:\/\/mkb360.com\/es\/wp-json\/wp\/v2\/users\/1"}],"replies":[{"embeddable":true,"href":"https:\/\/mkb360.com\/es\/wp-json\/wp\/v2\/comments?post=13174"}],"version-history":[{"count":13,"href":"https:\/\/mkb360.com\/es\/wp-json\/wp\/v2\/pages\/13174\/revisions"}],"predecessor-version":[{"id":13189,"href":"https:\/\/mkb360.com\/es\/wp-json\/wp\/v2\/pages\/13174\/revisions\/13189"}],"wp:attachment":[{"href":"https:\/\/mkb360.com\/es\/wp-json\/wp\/v2\/media?parent=13174"}],"curies":[{"name":"wp","href":"https:\/\/api.w.org\/{rel}","templated":true}]}}